{"id":2,"date":"2024-06-17T14:14:56","date_gmt":"2024-06-17T12:14:56","guid":{"rendered":"https:\/\/weterynarzlesnica.pl\/?page_id=2"},"modified":"2025-03-18T18:55:17","modified_gmt":"2025-03-18T17:55:17","slug":"przykladowa-strona","status":"publish","type":"page","link":"https:\/\/weterynarzlesnica.pl\/?page_id=2","title":{"rendered":"OFERTA"},"content":{"rendered":"\n<h2 class=\"wp-block-heading\">Zakres Us\u0142ug oferowanych przez Lecznic\u0119:<\/h2>\n\n\n\n<h3 class=\"wp-block-heading\">PROFILAKTYKA:<\/h3>\n\n\n\n<ul class=\"wp-block-list\">\n<li>Szczepienia ps\u00f3w, kot\u00f3w, kr\u00f3lik\u00f3w, fretek<\/li>\n\n\n\n<li>Sezonowe szczepienia przeciwko boreliozie<\/li>\n\n\n\n<li>Zwalczanie paso\u017cyt\u00f3w zewn\u0119trznych i wewn\u0119trznych<\/li>\n<\/ul>\n\n\n\n<h3 class=\"wp-block-heading\">INTERNA<\/h3>\n\n\n\n<p>Szeroki zakres us\u0142ug internistycznych<\/p>\n\n\n\n<h3 class=\"wp-block-heading\">KARDIOLOGIA<\/h3>\n\n\n\n<ul class=\"wp-block-list\">\n<li>Elektroardiografia serca (EKG)<\/li>\n\n\n\n<li>Pomiar ci\u015bnienia krwi<\/li>\n<\/ul>\n\n\n\n<h3 class=\"wp-block-heading\">DERMATOLOGIA<\/h3>\n\n\n\n<ul class=\"wp-block-list\">\n<li>Szeroki zakres us\u0142ug dermatologicznych, w tym testy alergiczne<\/li>\n<\/ul>\n\n\n\n<h3 class=\"wp-block-heading\">STOMATOLOGIA<\/h3>\n\n\n\n<ul class=\"wp-block-list\">\n<li>Ekstrakcje z\u0119b\u00f3w mlecznych oraz sta\u0142ych<\/li>\n\n\n\n<li>Ultrasoniczne usuwanie p\u0142ytki i kamienia naz\u0119bnego, polerowanie z\u0119b\u00f3w<\/li>\n\n\n\n<li>Leczenie chor\u00f3b dzi\u0105se\u0142 i przyz\u0119bia<\/li>\n\n\n\n<li>Przychodnia wyposa\u017cona w unit stomatologiczny<\/li>\n<\/ul>\n\n\n\n<h3 class=\"wp-block-heading\">PASZPORTY DLA ZWIERZ\u0104T I CZIPOWANIE<\/h3>\n\n\n\n<h3 class=\"wp-block-heading\">DIAGNOSTYKA LABORATORYJNA<\/h3>\n\n\n\n<ul class=\"wp-block-list\">\n<li>Morfologia, biochemia, badania hormonalne<\/li>\n\n\n\n<li>Badanie moczu i ka\u0142u<\/li>\n\n\n\n<li>Cytologia pochwy (w tym okre\u015blanie czasu owulacji)<\/li>\n\n\n\n<li>Bakteriologia z antybiogramem<\/li>\n\n\n\n<li>Histopatologia (wycinki tkanek, biopsje)<\/li>\n\n\n\n<li>Badanie w\u0142osa<\/li>\n<\/ul>\n\n\n\n<h3 class=\"wp-block-heading\">BADANIA GENETYCZNE<\/h3>\n\n\n\n<h3 class=\"wp-block-heading\">CHIRURGIA<\/h3>\n\n\n\n<p>Szeroki zakres us\u0142ug chirurgicznych &#8211; oddzielna, w pe\u0142ni wyposa\u017cona sala operacyjna<\/p>\n\n\n\n<h3 class=\"wp-block-heading\">OKULISTYKA<\/h3>\n\n\n\n<ul class=\"wp-block-list\">\n<li>Us\u0142ugi okulistyczne, w tym zabiegi operacyjne<\/li>\n<\/ul>\n\n\n\n<h3 class=\"wp-block-heading\">PO\u0141O\u017bNICTWO I PROFILAKTYKA CI\u0104\u017bY<\/h3>\n\n\n\n<h3 class=\"wp-block-heading\">DIAGNOSTYKA ULTRASONOGRAFICZNA<\/h3>\n\n\n\n<p>Wysokiej jako\u015bci USG (kolor Doppler)<\/p>\n\n\n\n<h3 class=\"wp-block-heading\">WIZYTY DOMOWE<\/h3>\n\n\n\n<p>Wizyty domowe mo\u017cliwe w godzinach wieczornych po wcze\u015bniejszym uzgodnieniu.<\/p>\n\n\n\n<hr class=\"wp-block-separator has-alpha-channel-opacity\"\/>\n\n\n\n<p>Zapraszamy do skorzystania z naszych us\u0142ug!<\/p>\n\n\n\n<p><\/p>\n","protected":false},"excerpt":{"rendered":"<p>Zakres Us\u0142ug oferowanych przez Lecznic\u0119: PROFILAKTYKA: INTERNA Szeroki zakres us\u0142ug internistycznych KARDIOLOGIA DERMATOLOGIA STOMATOLOGIA PASZPORTY DLA ZWIERZ\u0104T I CZIPOWANIE DIAGNOSTYKA LABORATORYJNA BADANIA GENETYCZNE CHIRURGIA Szeroki zakres us\u0142ug chirurgicznych &#8211; oddzielna, w pe\u0142ni wyposa\u017cona sala operacyjna OKULISTYKA PO\u0141O\u017bNICTWO I PROFILAKTYKA CI\u0104\u017bY DIAGNOSTYKA ULTRASONOGRAFICZNA Wysokiej jako\u015bci USG (kolor Doppler) WIZYTY DOMOWE Wizyty domowe mo\u017cliwe w godzinach wieczornych [&hellip;]<\/p>\n","protected":false},"author":1,"featured_media":0,"parent":0,"menu_order":0,"comment_status":"closed","ping_status":"open","template":"","meta":{"footnotes":""},"class_list":["post-2","page","type-page","status-publish","hentry"],"_links":{"self":[{"href":"https:\/\/weterynarzlesnica.pl\/index.php?rest_route=\/wp\/v2\/pages\/2","targetHints":{"allow":["GET"]}}],"collection":[{"href":"https:\/\/weterynarzlesnica.pl\/index.php?rest_route=\/wp\/v2\/pages"}],"about":[{"href":"https:\/\/weterynarzlesnica.pl\/index.php?rest_route=\/wp\/v2\/types\/page"}],"author":[{"embeddable":true,"href":"https:\/\/weterynarzlesnica.pl\/index.php?rest_route=\/wp\/v2\/users\/1"}],"replies":[{"embeddable":true,"href":"https:\/\/weterynarzlesnica.pl\/index.php?rest_route=%2Fwp%2Fv2%2Fcomments&post=2"}],"version-history":[{"count":4,"href":"https:\/\/weterynarzlesnica.pl\/index.php?rest_route=\/wp\/v2\/pages\/2\/revisions"}],"predecessor-version":[{"id":59,"href":"https:\/\/weterynarzlesnica.pl\/index.php?rest_route=\/wp\/v2\/pages\/2\/revisions\/59"}],"wp:attachment":[{"href":"https:\/\/weterynarzlesnica.pl\/index.php?rest_route=%2Fwp%2Fv2%2Fmedia&parent=2"}],"curies":[{"name":"wp","href":"https:\/\/api.w.org\/{rel}","templated":true}]}}