{"id":13,"date":"2024-06-17T14:30:59","date_gmt":"2024-06-17T12:30:59","guid":{"rendered":"https:\/\/weterynarzlesnica.pl\/?page_id=13"},"modified":"2024-06-17T20:08:23","modified_gmt":"2024-06-17T18:08:23","slug":"kontakt","status":"publish","type":"page","link":"https:\/\/weterynarzlesnica.pl\/?page_id=13","title":{"rendered":"KONTAKT"},"content":{"rendered":"\n<p>FELIS<br>Specjalistyczna Przychodnia Weterynaryjna<br>lek. wet. Marcin S\u0142upski<br>specjalista chor\u00f3b ps\u00f3w i kot\u00f3w<\/p>\n\n\n\n<p>54-018 Wroc\u0142aw-Le\u015bnica<br>ul. Kr\u0119picka 5a<br>tel: 71 34-95-462<br>kom: 601-173-035<\/p>\n\n\n\n<div class=\"wp-block-webfactory-map\"><div class=\"wp-block-webfactory-map\"><iframe loading=\"lazy\" title=\"Map\" width=\"100%\" height=\"553px\" src=\"https:\/\/www.google.com\/maps\/embed\/v1\/place?q=FELIS%20Kr%C4%99picka%205a%2C%2054-018%20Wroc%C5%82aw&amp;maptype=roadmap&amp;zoom=16&amp;key=AIzaSyBJc80Erjp_T8M7ItOTpkNuDchmv3jGvIk\" frameborder=\"0\"><\/iframe><\/div><\/div>\n","protected":false},"excerpt":{"rendered":"<p>FELISSpecjalistyczna Przychodnia Weterynaryjnalek. wet. Marcin S\u0142upskispecjalista chor\u00f3b ps\u00f3w i kot\u00f3w 54-018 Wroc\u0142aw-Le\u015bnicaul. Kr\u0119picka 5atel: 71 34-95-462kom: 601-173-035<\/p>\n","protected":false},"author":1,"featured_media":0,"parent":0,"menu_order":0,"comment_status":"closed","ping_status":"closed","template":"","meta":{"footnotes":""},"class_list":["post-13","page","type-page","status-publish","hentry"],"_links":{"self":[{"href":"https:\/\/weterynarzlesnica.pl\/index.php?rest_route=\/wp\/v2\/pages\/13","targetHints":{"allow":["GET"]}}],"collection":[{"href":"https:\/\/weterynarzlesnica.pl\/index.php?rest_route=\/wp\/v2\/pages"}],"about":[{"href":"https:\/\/weterynarzlesnica.pl\/index.php?rest_route=\/wp\/v2\/types\/page"}],"author":[{"embeddable":true,"href":"https:\/\/weterynarzlesnica.pl\/index.php?rest_route=\/wp\/v2\/users\/1"}],"replies":[{"embeddable":true,"href":"https:\/\/weterynarzlesnica.pl\/index.php?rest_route=%2Fwp%2Fv2%2Fcomments&post=13"}],"version-history":[{"count":5,"href":"https:\/\/weterynarzlesnica.pl\/index.php?rest_route=\/wp\/v2\/pages\/13\/revisions"}],"predecessor-version":[{"id":41,"href":"https:\/\/weterynarzlesnica.pl\/index.php?rest_route=\/wp\/v2\/pages\/13\/revisions\/41"}],"wp:attachment":[{"href":"https:\/\/weterynarzlesnica.pl\/index.php?rest_route=%2Fwp%2Fv2%2Fmedia&parent=13"}],"curies":[{"name":"wp","href":"https:\/\/api.w.org\/{rel}","templated":true}]}}