{"id":11,"date":"2024-06-17T14:29:15","date_gmt":"2024-06-17T12:29:15","guid":{"rendered":"https:\/\/weterynarzlesnica.pl\/?page_id=11"},"modified":"2025-03-18T19:23:43","modified_gmt":"2025-03-18T18:23:43","slug":"o-lecznicy","status":"publish","type":"page","link":"https:\/\/weterynarzlesnica.pl\/","title":{"rendered":"O LECZNICY"},"content":{"rendered":"\n<h2 class=\"wp-block-heading\">FELIS &#8211; Specjalistyczna Przychodnia Weterynaryjna<\/h2>\n\n\n\n<h3 class=\"wp-block-heading\">lek. wet. Marcin S\u0142upski<\/h3>\n\n\n\n<p><strong>Specjalista chor\u00f3b ps\u00f3w i kot\u00f3w<\/strong><\/p>\n\n\n\n<figure class=\"wp-block-image size-large is-resized\"><img loading=\"lazy\" decoding=\"async\" width=\"1024\" height=\"768\" src=\"https:\/\/weterynarzlesnica.pl\/wp-content\/uploads\/2025\/03\/front1-1024x768.jpg\" alt=\"\" class=\"wp-image-61\" style=\"width:387px;height:auto\" srcset=\"https:\/\/weterynarzlesnica.pl\/wp-content\/uploads\/2025\/03\/front1-1024x768.jpg 1024w, https:\/\/weterynarzlesnica.pl\/wp-content\/uploads\/2025\/03\/front1-300x225.jpg 300w, https:\/\/weterynarzlesnica.pl\/wp-content\/uploads\/2025\/03\/front1-768x576.jpg 768w, https:\/\/weterynarzlesnica.pl\/wp-content\/uploads\/2025\/03\/front1-1536x1152.jpg 1536w, https:\/\/weterynarzlesnica.pl\/wp-content\/uploads\/2025\/03\/front1-1x1.jpg 1w, https:\/\/weterynarzlesnica.pl\/wp-content\/uploads\/2025\/03\/front1.jpg 1600w\" sizes=\"auto, (max-width: 1024px) 100vw, 1024px\" \/><\/figure>\n\n\n\n<p><strong>Adres:<\/strong> <br>54-018 Wroc\u0142aw-Le\u015bnica<br>ul. Kr\u0119picka 5a<\/p>\n\n\n\n<p><strong>Kontakt:<\/strong> <br>Tel: 71 349 54 62<br>Kom: 601 173 035<\/p>\n\n\n\n<h3 class=\"wp-block-heading\">Godziny przyj\u0119\u0107:<\/h3>\n\n\n\n<ul class=\"wp-block-list\">\n<li><strong>Poniedzia\u0142ek &#8211; Pi\u0105tek:<\/strong> 10:00 &#8211; 19:00<\/li>\n\n\n\n<li><strong>Sobota:<\/strong> 9:00 &#8211; 14:00<\/li>\n<\/ul>\n\n\n\n<p>W pozosta\u0142ych godzinach oraz w niedziele i \u015bwi\u0119ta, przychodnia r\u00f3wnie\u017c przyjmuje pacjent\u00f3w po wcze\u015bniejszym telefonicznym uzgodnieniu z lekarzem.<\/p>\n\n\n\n<h3 class=\"wp-block-heading\">Wizyty domowe:<\/h3>\n\n\n\n<p>Wizyty domowe s\u0105 mo\u017cliwe w godzinach wieczornych, po wcze\u015bniejszym uzgodnieniu terminu.<\/p>\n\n\n\n<hr class=\"wp-block-separator has-alpha-channel-opacity\"\/>\n\n\n\n<p>Zapraszamy do skorzystania z naszych us\u0142ug!<\/p>\n\n\n\n<hr class=\"wp-block-separator has-alpha-channel-opacity\"\/>\n\n\n\n<h2 class=\"wp-block-heading has-text-align-center has-large-font-size\">Opinie klient\u00f3w<\/h2>\n\n\n\n<hr class=\"wp-block-separator has-alpha-channel-opacity\"\/>\n\n\n\n<div id=\"google-business-reviews-rating\" class=\"google-business-reviews-rating gmbrr fonts tile\">\r\n\t<h2 class=\"heading\"><span class=\"icon\"><img decoding=\"async\" src=\"https:\/\/maps.gstatic.com\/mapfiles\/place_api\/icons\/v1\/png_71\/generic_business-71.png\" alt=\"FELIS Specjalistyczna Przychodnia Weterynaryjna lek. wet. Marcin S\u0142upski Icon\"><\/span>FELIS Specjalistyczna Przychodnia Weterynaryjna lek. wet. Marcin S\u0142upski<\/h2>\r\n\t<p class=\"vicinity\">Kr\u0119picka 5a, Wroc\u0142aw<\/p>\r\n\t<p class=\"rating\"><span class=\"number\">4,8<\/span> <span class=\"all-stars animate\"><span class=\"star\"><\/span><span class=\"star\"><\/span><span class=\"star\"><\/span><span class=\"star\"><\/span><span class=\"star split-80-20\"><\/span><\/span> <a href=\"https:\/\/search.google.com\/local\/reviews?placeid=ChIJNUdKM0OVD0cRCw15VJYhs98\" target=\"_blank\" rel=\"nofollow\" class=\"count\">418 reviews<\/a><\/p>\r\n<ul class=\"listing\">\r\n\t\t<li class=\"rating-5\" data-index=\"0\">\r\n\t\t\t<span class=\"author-avatar\"><a href=\"https:\/\/www.google.com\/maps\/contrib\/103885265232725227946\/reviews\" target=\"_blank\" rel=\"nofollow\"><img decoding=\"async\" src=\"https:\/\/lh3.googleusercontent.com\/a\/ACg8ocI526NjJQjaWomdKCQ0V4qIQ6ApZzCl7qqcS9N7fk6cYYo8AIU=s128-c0x00000000-cc-rp-mo\" alt=\"Avatar\"><\/a><\/span>\r\n\t\t\t<span class=\"review-meta\">\r\n\t\t\t\t<span class=\"author-name\"><a href=\"https:\/\/www.google.com\/maps\/contrib\/103885265232725227946\/reviews\" target=\"_blank\" rel=\"nofollow\">Ninel Stoyko<\/a><\/span>\r\n\t\t\t\t<span class=\"rating\">\u2605\u2605\u2605\u2605\u2605<\/span>\r\n\t\t\t\t<span class=\"relative-time-description\">3 tygodnie temu<\/span>\r\n\t\t\t<\/span>\r\n\t\t\t<div class=\"text\">Super Pan Doktor , bardzo empatyczny mi\u0142y cz\u0142owiek , doradzi wyt\u0142umaczy i odpowie na ka\u017cde pytanie . Czujemy si\u0119 zaopiekowani . Doje\u017cd\u017cam na szczepienia z Dobrzykowic to 35 km w jedna stron\u0119 , ale naprawd\u0119 warto .<\/div>\r\n\t\t<\/li>\r\n\t\t<li class=\"rating-5\" data-index=\"1\">\r\n\t\t\t<span class=\"author-avatar\"><a href=\"https:\/\/www.google.com\/maps\/contrib\/115330164160226316970\/reviews\" target=\"_blank\" rel=\"nofollow\"><img decoding=\"async\" src=\"https:\/\/lh3.googleusercontent.com\/a-\/ALV-UjXrz6mUDUDEljh-splxJ1DqmbqLA9MCzutHUthv4efgLmieY2uP=s128-c0x00000000-cc-rp-mo-ba3\" alt=\"Avatar\"><\/a><\/span>\r\n\t\t\t<span class=\"review-meta\">\r\n\t\t\t\t<span class=\"author-name\"><a href=\"https:\/\/www.google.com\/maps\/contrib\/115330164160226316970\/reviews\" target=\"_blank\" rel=\"nofollow\">Mariusz Majewski<\/a><\/span>\r\n\t\t\t\t<span class=\"rating\">\u2605\u2605\u2605\u2605\u2605<\/span>\r\n\t\t\t\t<span class=\"relative-time-description\">2 tygodnie temu<\/span>\r\n\t\t\t<\/span>\r\n\t\t\t<div class=\"text\">Przychodnia weterynaryjna godna polecenia. Pan Marcin jest super weterynarzem, zawsze dobrze doradzi, pomo\u017ce, zwierzaka wyleczy. Korzystamy z jego us\u0142ug od wielu lat.<\/div>\r\n\t\t<\/li>\r\n\t\t<li class=\"rating-5\" data-index=\"2\">\r\n\t\t\t<span class=\"author-avatar\"><a href=\"https:\/\/www.google.com\/maps\/contrib\/113754421992231703139\/reviews\" target=\"_blank\" rel=\"nofollow\"><img decoding=\"async\" src=\"https:\/\/lh3.googleusercontent.com\/a-\/ALV-UjXpAu0KF-ihOaWEGZbLsN_y2YInh5r8tX1LOLM3ZJgtG9ThUQ8=s128-c0x00000000-cc-rp-mo\" alt=\"Avatar\"><\/a><\/span>\r\n\t\t\t<span class=\"review-meta\">\r\n\t\t\t\t<span class=\"author-name\"><a href=\"https:\/\/www.google.com\/maps\/contrib\/113754421992231703139\/reviews\" target=\"_blank\" rel=\"nofollow\">Micha\u0142 Kowalski<\/a><\/span>\r\n\t\t\t\t<span class=\"rating\">\u2605\u2605\u2605\u2605\u2605<\/span>\r\n\t\t\t\t<span class=\"relative-time-description\">miesi\u0105c temu<\/span>\r\n\t\t\t<\/span>\r\n\t\t\t<div class=\"text text-excerpt\">Wiele lat temu zabra\u0142em z ulicy potr\u0105conego teriera i przywioz\u0142em go do Pana doktora. Doktor go posk\u0142ada\u0142, opatrzy\u0142 i nie chcia\u0142 wzi\u0105\u0107 ode mnie pieni\u0119dzy. (A terierek wydobrza\u0142 i uda\u0142o si\u0119 nawet znale\u017a\u0107 w\u0142a\u015bciciela)<\/div>\r\n\t\t<\/li>\r\n\t<\/ul>\r\n\t<p class=\"attribution\"><span class=\"powered-by-google\" title=\"Powered by Google\"><\/span><\/p>\r\n<\/div>\r\n\n","protected":false},"excerpt":{"rendered":"<p>FELIS &#8211; Specjalistyczna Przychodnia Weterynaryjna lek. wet. Marcin S\u0142upski Specjalista chor\u00f3b ps\u00f3w i kot\u00f3w Adres: 54-018 Wroc\u0142aw-Le\u015bnicaul. Kr\u0119picka 5a Kontakt: Tel: 71 349 54 62Kom: 601 173 035 Godziny przyj\u0119\u0107: W pozosta\u0142ych godzinach oraz w niedziele i \u015bwi\u0119ta, przychodnia r\u00f3wnie\u017c przyjmuje pacjent\u00f3w po wcze\u015bniejszym telefonicznym uzgodnieniu z lekarzem. Wizyty domowe: Wizyty domowe s\u0105 mo\u017cliwe w [&hellip;]<\/p>\n","protected":false},"author":1,"featured_media":61,"parent":0,"menu_order":0,"comment_status":"closed","ping_status":"closed","template":"","meta":{"footnotes":""},"class_list":["post-11","page","type-page","status-publish","has-post-thumbnail","hentry"],"_links":{"self":[{"href":"https:\/\/weterynarzlesnica.pl\/index.php?rest_route=\/wp\/v2\/pages\/11","targetHints":{"allow":["GET"]}}],"collection":[{"href":"https:\/\/weterynarzlesnica.pl\/index.php?rest_route=\/wp\/v2\/pages"}],"about":[{"href":"https:\/\/weterynarzlesnica.pl\/index.php?rest_route=\/wp\/v2\/types\/page"}],"author":[{"embeddable":true,"href":"https:\/\/weterynarzlesnica.pl\/index.php?rest_route=\/wp\/v2\/users\/1"}],"replies":[{"embeddable":true,"href":"https:\/\/weterynarzlesnica.pl\/index.php?rest_route=%2Fwp%2Fv2%2Fcomments&post=11"}],"version-history":[{"count":11,"href":"https:\/\/weterynarzlesnica.pl\/index.php?rest_route=\/wp\/v2\/pages\/11\/revisions"}],"predecessor-version":[{"id":63,"href":"https:\/\/weterynarzlesnica.pl\/index.php?rest_route=\/wp\/v2\/pages\/11\/revisions\/63"}],"wp:featuredmedia":[{"embeddable":true,"href":"https:\/\/weterynarzlesnica.pl\/index.php?rest_route=\/wp\/v2\/media\/61"}],"wp:attachment":[{"href":"https:\/\/weterynarzlesnica.pl\/index.php?rest_route=%2Fwp%2Fv2%2Fmedia&parent=11"}],"curies":[{"name":"wp","href":"https:\/\/api.w.org\/{rel}","templated":true}]}}